{"id":11,"date":"2023-10-08T01:12:02","date_gmt":"2023-10-08T04:12:02","guid":{"rendered":"https:\/\/joyasdeaceromaioma.com\/index.php\/mi-cuenta\/"},"modified":"2023-10-08T01:12:02","modified_gmt":"2023-10-08T04:12:02","slug":"mi-cuenta","status":"publish","type":"page","link":"https:\/\/joyasdeaceromaioma.com\/?page_id=11","title":{"rendered":"Mi cuenta"},"content":{"rendered":"<div class=\"woocommerce\">\t\t\t<link rel=\"stylesheet\" id=\"wd-woo-mod-login-form-css\" href=\"https:\/\/joyasdeaceromaioma.com\/wp-content\/themes\/woodmart\/css\/parts\/woo-mod-login-form.min.css?ver=7.6.0\" type=\"text\/css\" media=\"all\" \/> \t\t\t\t\t\t<link rel=\"stylesheet\" id=\"wd-woo-page-login-register-css\" href=\"https:\/\/joyasdeaceromaioma.com\/wp-content\/themes\/woodmart\/css\/parts\/woo-page-login-register.min.css?ver=7.6.0\" type=\"text\/css\" media=\"all\" \/> \t\t\t<div class=\"woocommerce-notices-wrapper\"><\/div>\n<div class=\"wd-registration-page wd-register-tabs\">\n\n\n<div class=\"row\" id=\"customer_login\">\n\n\t<div class=\"col-12 col-md-6 col-login\">\n\n\n\t\t<h2 class=\"wd-login-title\">Login<\/h2>\n\n\t\t\t\t\t<form method=\"post\" class=\"login woocommerce-form woocommerce-form-login\n\t\t\t\t\t\t\" action=\"https:\/\/joyasdeaceromaioma.com\/?page_id=11&#038;action=login\" \t\t\t>\n\n\t\t\t\t\n\t\t\t\t\n\t\t\t\t<p class=\"woocommerce-FormRow woocommerce-FormRow--wide form-row form-row-wide form-row-username\">\n\t\t\t\t\t<label for=\"username\">Username or email address&nbsp;<span class=\"required\" aria-hidden=\"true\">*<\/span><span class=\"screen-reader-text\">Required<\/span><\/label>\n\t\t\t\t\t<input type=\"text\" class=\"woocommerce-Input woocommerce-Input--text input-text\" name=\"username\" id=\"username\" value=\"\" \/>\t\t\t\t<\/p>\n\t\t\t\t<p class=\"woocommerce-FormRow woocommerce-FormRow--wide form-row form-row-wide form-row-password\">\n\t\t\t\t\t<label for=\"password\">Contrase\u00f1a&nbsp;<span class=\"required\" aria-hidden=\"true\">*<\/span><span class=\"screen-reader-text\">Required<\/span><\/label>\n\t\t\t\t\t<input class=\"woocommerce-Input woocommerce-Input--text input-text\" type=\"password\" name=\"password\" id=\"password\" autocomplete=\"current-password\" \/>\n\t\t\t\t<\/p>\n\n\t\t\t\t\n\t\t\t\t<p class=\"form-row\">\n\t\t\t\t\t<input type=\"hidden\" id=\"woocommerce-login-nonce\" name=\"woocommerce-login-nonce\" value=\"58b2d6ad39\" \/><input type=\"hidden\" name=\"_wp_http_referer\" value=\"\/index.php?rest_route=%2Fwp%2Fv2%2Fpages%2F11\" \/>\t\t\t\t\t\t\t\t\t\t<button type=\"submit\" class=\"button woocommerce-button woocommerce-form-login__submit\" name=\"login\" value=\"Iniciar sesi\u00f3n\">Iniciar sesi\u00f3n<\/button>\n\t\t\t\t<\/p>\n\n\t\t\t\t<p class=\"login-form-footer\">\n\t\t\t\t\t<a href=\"https:\/\/joyasdeaceromaioma.com\/?page_id=11&#038;lost-password\" class=\"woocommerce-LostPassword lost_password\">\u00bfHas perdido tu contrase\u00f1a?<\/a>\n\t\t\t\t\t<label class=\"woocommerce-form__label woocommerce-form__label-for-checkbox woocommerce-form-login__rememberme\">\n\t\t\t\t\t\t<input class=\"woocommerce-form__input woocommerce-form__input-checkbox\" name=\"rememberme\" type=\"checkbox\" value=\"forever\" title=\"Recordarme\" aria-label=\"Recordarme\" \/> <span>Recordarme<\/span>\n\t\t\t\t\t<\/label>\n\t\t\t\t<\/p>\n\n\t\t\t\t\n\t\t\t\t\t\t\t<\/form>\n\n\t\t\n\n\t<\/div>\n\n\t<div class=\"col-12 col-md-6 col-register\">\n\n\t\t<h2 class=\"wd-login-title\">Register<\/h2>\n\n\t\t<form method=\"post\" action=\"https:\/\/joyasdeaceromaioma.com\/?page_id=11&#038;action=register\" class=\"woocommerce-form woocommerce-form-register register\"  >\n\n\t\t\t\n\t\t\t\n\t\t\t<p class=\"woocommerce-form-row woocommerce-form-row--wide form-row form-row-wide\">\n\t\t\t\t<label for=\"reg_email\">Email address&nbsp;<span class=\"required\" aria-hidden=\"true\">*<\/span><span class=\"screen-reader-text\">Required<\/span><\/label>\n\t\t\t\t<input type=\"email\" class=\"woocommerce-Input woocommerce-Input--text input-text\" name=\"email\" id=\"reg_email\" autocomplete=\"email\" value=\"\" \/>\t\t\t<\/p>\n\n\t\t\t\n\t\t\t\t<p>A link to set a new password will be sent to your email address.<\/p>\n\n\t\t\t\n\t\t\t<!-- Spam Trap -->\n\t\t\t<div style=\"left: -999em; position: absolute;\"><label for=\"trap\">Anti-spam<\/label><input type=\"text\" name=\"email_2\" id=\"trap\" tabindex=\"-1\" \/><\/div>\n\n\t\t\t<wc-order-attribution-inputs><\/wc-order-attribution-inputs><div class=\"woocommerce-privacy-policy-text\"><p>Tus datos personales se utilizar\u00e1n para procesar tu pedido, mejorar tu experiencia en esta web, gestionar el acceso a tu cuenta y otros prop\u00f3sitos descritos en nuestra <a href=\"https:\/\/joyasdeaceromaioma.com\/?page_id=3\" class=\"woocommerce-privacy-policy-link\" target=\"_blank\">privacy policy<\/a>.<\/p>\n<\/div>\n\t\t\t<p class=\"woocommerce-form-row form-row\">\n\t\t\t\t<input type=\"hidden\" id=\"woocommerce-register-nonce\" name=\"woocommerce-register-nonce\" value=\"b0788b43d6\" \/><input type=\"hidden\" name=\"_wp_http_referer\" value=\"\/index.php?rest_route=%2Fwp%2Fv2%2Fpages%2F11\" \/>\t\t\t\t<button type=\"submit\" class=\"woocommerce-Button woocommerce-button button\" name=\"register\" value=\"Register\">Register<\/button>\n\t\t\t<\/p>\n\n\t\t\t\n\t\t<\/form>\n\n\t<\/div>\n\n\t\t\t<div class=\"col-12 col-md-6 col-register-text\">\n\n\t\t\t<p class=\"title wd-login-divider \"><span>O<\/span><\/p>\n\n\t\t\t\n\t\t\t\t\t\t\t<h2 class=\"wd-login-title\">Registrarse<\/h2>\n\t\t\t\n\t\t\t\n\t\t\t\t\t\t\t<div class=\"registration-info\">Registrarse en este sitio le permite acceder al estado y al historial de su pedido. Simplemente complete los campos a continuaci\u00f3n y configuraremos una nueva cuenta para usted en poco tiempo. S\u00f3lo te pediremos los datos necesarios para que el proceso de compra sea m\u00e1s r\u00e1pido y sencillo.<\/div>\n\t\t\t\n\t\t\t\n\t\t\t<a href=\"#\" rel=\"nofollow noopener\" class=\"btn wd-switch-to-register\" data-login=\"Login\" data-login-title=\"Ingresar\" data-reg-title=\"Registrarse\" data-register=\"Register\">Register<\/a>\n\n\t\t<\/div>\n\t\n<\/div>\n\n<\/div>\n\n<\/div>","protected":false},"excerpt":{"rendered":"","protected":false},"author":1,"featured_media":0,"parent":0,"menu_order":0,"comment_status":"closed","ping_status":"closed","template":"","meta":{"_joinchat":[],"footnotes":""},"class_list":["post-11","page","type-page","status-publish","hentry"],"_links":{"self":[{"href":"https:\/\/joyasdeaceromaioma.com\/index.php?rest_route=\/wp\/v2\/pages\/11","targetHints":{"allow":["GET"]}}],"collection":[{"href":"https:\/\/joyasdeaceromaioma.com\/index.php?rest_route=\/wp\/v2\/pages"}],"about":[{"href":"https:\/\/joyasdeaceromaioma.com\/index.php?rest_route=\/wp\/v2\/types\/page"}],"author":[{"embeddable":true,"href":"https:\/\/joyasdeaceromaioma.com\/index.php?rest_route=\/wp\/v2\/users\/1"}],"replies":[{"embeddable":true,"href":"https:\/\/joyasdeaceromaioma.com\/index.php?rest_route=%2Fwp%2Fv2%2Fcomments&post=11"}],"version-history":[{"count":0,"href":"https:\/\/joyasdeaceromaioma.com\/index.php?rest_route=\/wp\/v2\/pages\/11\/revisions"}],"wp:attachment":[{"href":"https:\/\/joyasdeaceromaioma.com\/index.php?rest_route=%2Fwp%2Fv2%2Fmedia&parent=11"}],"curies":[{"name":"wp","href":"https:\/\/api.w.org\/{rel}","templated":true}]}}