{"id":2416,"date":"2024-10-09T12:39:39","date_gmt":"2024-10-09T15:39:39","guid":{"rendered":"https:\/\/joyasdeaceromaioma.com\/?post_type=product&#038;p=2416"},"modified":"2024-10-09T19:01:38","modified_gmt":"2024-10-09T22:01:38","slug":"aro-argolla-bolitas-con-dije-colgante-2","status":"publish","type":"product","link":"https:\/\/joyasdeaceromaioma.com\/?product=aro-argolla-bolitas-con-dije-colgante-2","title":{"rendered":"Aros argolla con dije colgante"},"content":{"rendered":"<p><span style=\"font-weight: 400\">Aros argollas de acero blanco con dije colgante de acero blanco. Material que ofrece un brillo similar al de la plata y el oro blanco, pero con la ventaja de ser mucho m\u00e1s accesibles. Dijes con detalles en strass tambi\u00e9n conocido como micro pav\u00e9.<br \/>\n<\/span><\/p>\n<ul>\n<li><span style=\"font-weight: 400\">Motivos: Estrella \/ coraz\u00f3n \/ luna<br \/>\n<\/span><\/li>\n<li>Tipo de cierre: Italiano<\/li>\n<li><span style=\"font-weight: 400\">Di\u00e1metro: 14<\/span>\u00a0<span style=\"font-weight: 400\">mm <\/span><\/li>\n<li><span style=\"font-weight: 400\">Dimensiones aproximadas: 19 x 30 x 12 mm c\/u<\/span><\/li>\n<\/ul>\n","protected":false},"excerpt":{"rendered":"<p><span style=\"font-weight: 400\">Aros argollas de acero blanco con dije colgante con strass multicolor.<\/span><\/p>\n","protected":false},"featured_media":2108,"template":"","meta":{"_joinchat":[]},"product_cat":[77,108,111],"product_tag":[167,174,170],"class_list":{"0":"post-2416","1":"product","2":"type-product","3":"status-publish","4":"has-post-thumbnail","6":"product_cat-aros","7":"product_cat-aros-argolla","8":"product_cat-aros-colgantes","9":"product_tag-cubic","10":"product_tag-mujer","11":"product_tag-strass","12":"pa_material-acero-blanco","13":"pa_motivo-corazon","14":"pa_motivo-estrella","15":"pa_motivo-luna","17":"first","18":"instock","19":"sale","20":"shipping-taxable","21":"purchasable","22":"product-type-variable"},"_links":{"self":[{"href":"https:\/\/joyasdeaceromaioma.com\/index.php?rest_route=\/wp\/v2\/product\/2416","targetHints":{"allow":["GET"]}}],"collection":[{"href":"https:\/\/joyasdeaceromaioma.com\/index.php?rest_route=\/wp\/v2\/product"}],"about":[{"href":"https:\/\/joyasdeaceromaioma.com\/index.php?rest_route=\/wp\/v2\/types\/product"}],"version-history":[{"count":6,"href":"https:\/\/joyasdeaceromaioma.com\/index.php?rest_route=\/wp\/v2\/product\/2416\/revisions"}],"predecessor-version":[{"id":2478,"href":"https:\/\/joyasdeaceromaioma.com\/index.php?rest_route=\/wp\/v2\/product\/2416\/revisions\/2478"}],"wp:featuredmedia":[{"embeddable":true,"href":"https:\/\/joyasdeaceromaioma.com\/index.php?rest_route=\/wp\/v2\/media\/2108"}],"wp:attachment":[{"href":"https:\/\/joyasdeaceromaioma.com\/index.php?rest_route=%2Fwp%2Fv2%2Fmedia&parent=2416"}],"wp:term":[{"taxonomy":"product_cat","embeddable":true,"href":"https:\/\/joyasdeaceromaioma.com\/index.php?rest_route=%2Fwp%2Fv2%2Fproduct_cat&post=2416"},{"taxonomy":"product_tag","embeddable":true,"href":"https:\/\/joyasdeaceromaioma.com\/index.php?rest_route=%2Fwp%2Fv2%2Fproduct_tag&post=2416"}],"curies":[{"name":"wp","href":"https:\/\/api.w.org\/{rel}","templated":true}]}}